{"id":463,"date":"2024-08-26T05:26:35","date_gmt":"2024-08-26T05:26:35","guid":{"rendered":"https:\/\/c0021.bizhomepass.kr\/en\/?page_id=463"},"modified":"2024-10-11T04:13:19","modified_gmt":"2024-10-11T04:13:19","slug":"elastin","status":"publish","type":"page","link":"https:\/\/c0021.bizhomepass.kr\/en\/elastin\/","title":{"rendered":"Elastin?"},"content":{"rendered":"\t\t<div data-elementor-type=\"wp-page\" data-elementor-id=\"463\" class=\"elementor elementor-463\" data-elementor-post-type=\"page\">\n\t\t\t\t<div data-particle_enable=\"false\" data-particle-mobile-disabled=\"false\" class=\"elementor-element elementor-element-fefbae5 e-flex e-con-boxed e-con e-parent\" data-id=\"fefbae5\" data-element_type=\"container\">\n\t\t\t\t\t<div class=\"e-con-inner\">\n\t\t<div data-particle_enable=\"false\" data-particle-mobile-disabled=\"false\" class=\"elementor-element elementor-element-3c89176 e-con-full e-flex e-con e-child\" data-id=\"3c89176\" data-element_type=\"container\">\n\t\t\t\t<div class=\"elementor-element elementor-element-3fbc87f animated-fast elementor-invisible elementor-widget elementor-widget-heading\" data-id=\"3fbc87f\" data-element_type=\"widget\" data-settings=\"{&quot;_animation&quot;:&quot;fadeInUp&quot;}\" data-widget_type=\"heading.default\">\n\t\t\t\t<div class=\"elementor-widget-container\">\n\t\t\t<h2 class=\"elementor-heading-title elementor-size-default\">No.1 Elastin Care <strong>ELASTIC LAB<\/strong><\/h2>\t\t<\/div>\n\t\t\t\t<\/div>\n\t\t\t\t<div class=\"elementor-element elementor-element-274a664 animated-fast elementor-invisible elementor-widget elementor-widget-heading\" data-id=\"274a664\" data-element_type=\"widget\" data-settings=\"{&quot;_animation&quot;:&quot;fadeInUp&quot;,&quot;_animation_delay&quot;:300}\" data-widget_type=\"heading.default\">\n\t\t\t\t<div class=\"elementor-widget-container\">\n\t\t\t<h2 class=\"elementor-heading-title elementor-size-default\">TECHNOLOGY<\/h2>\t\t<\/div>\n\t\t\t\t<\/div>\n\t\t\t\t<\/div>\n\t\t<div data-particle_enable=\"false\" data-particle-mobile-disabled=\"false\" class=\"elementor-element elementor-element-f8e0f9c e-con-full e-flex e-con e-child\" data-id=\"f8e0f9c\" data-element_type=\"container\">\n\t\t\t\t<div class=\"elementor-element elementor-element-a60494f elementor-nav-menu--dropdown-none elementor-hidden-mobile animated-fast elementor-invisible elementor-widget elementor-widget-nav-menu\" data-id=\"a60494f\" data-element_type=\"widget\" data-settings=\"{&quot;_animation&quot;:&quot;fadeInUp&quot;,&quot;_animation_delay&quot;:600,&quot;layout&quot;:&quot;horizontal&quot;,&quot;submenu_icon&quot;:{&quot;value&quot;:&quot;&lt;svg class=\\&quot;e-font-icon-svg e-fas-caret-down\\&quot; viewBox=\\&quot;0 0 320 512\\&quot; xmlns=\\&quot;http:\\\/\\\/www.w3.org\\\/2000\\\/svg\\&quot;&gt;&lt;path d=\\&quot;M31.3 192h257.3c17.8 0 26.7 21.5 14.1 34.1L174.1 354.8c-7.8 7.8-20.5 7.8-28.3 0L17.2 226.1C4.6 213.5 13.5 192 31.3 192z\\&quot;&gt;&lt;\\\/path&gt;&lt;\\\/svg&gt;&quot;,&quot;library&quot;:&quot;fa-solid&quot;}}\" data-widget_type=\"nav-menu.default\">\n\t\t\t\t<div class=\"elementor-widget-container\">\n\t\t\t\t\t\t<nav aria-label=\"Menu\" class=\"elementor-nav-menu--main elementor-nav-menu__container elementor-nav-menu--layout-horizontal e--pointer-underline e--animation-fast\">\n\t\t\t\t<ul id=\"menu-1-a60494f\" class=\"elementor-nav-menu\"><li class=\"menu-item menu-item-type-post_type menu-item-object-page menu-item-504\"><a href=\"https:\/\/c0021.bizhomepass.kr\/en\/elastin\/\" class=\"elementor-item\">Elastin?<\/a><\/li>\n<li class=\"menu-item menu-item-type-post_type menu-item-object-page menu-item-503\"><a href=\"https:\/\/c0021.bizhomepass.kr\/en\/technology\/\" class=\"elementor-item\">Technology<\/a><\/li>\n<li class=\"menu-item menu-item-type-post_type menu-item-object-page menu-item-502\"><a href=\"https:\/\/c0021.bizhomepass.kr\/en\/pipeline\/\" class=\"elementor-item\">Pipeline<\/a><\/li>\n<li class=\"menu-item menu-item-type-post_type menu-item-object-page menu-item-501\"><a href=\"https:\/\/c0021.bizhomepass.kr\/en\/ip\/\" class=\"elementor-item\">IP<\/a><\/li>\n<\/ul>\t\t\t<\/nav>\n\t\t\t\t\t\t<nav class=\"elementor-nav-menu--dropdown elementor-nav-menu__container\" aria-hidden=\"true\">\n\t\t\t\t<ul id=\"menu-2-a60494f\" class=\"elementor-nav-menu\"><li class=\"menu-item menu-item-type-post_type menu-item-object-page menu-item-504\"><a href=\"https:\/\/c0021.bizhomepass.kr\/en\/elastin\/\" class=\"elementor-item\" tabindex=\"-1\">Elastin?<\/a><\/li>\n<li class=\"menu-item menu-item-type-post_type menu-item-object-page menu-item-503\"><a href=\"https:\/\/c0021.bizhomepass.kr\/en\/technology\/\" class=\"elementor-item\" tabindex=\"-1\">Technology<\/a><\/li>\n<li class=\"menu-item menu-item-type-post_type menu-item-object-page menu-item-502\"><a href=\"https:\/\/c0021.bizhomepass.kr\/en\/pipeline\/\" class=\"elementor-item\" tabindex=\"-1\">Pipeline<\/a><\/li>\n<li class=\"menu-item menu-item-type-post_type menu-item-object-page menu-item-501\"><a href=\"https:\/\/c0021.bizhomepass.kr\/en\/ip\/\" class=\"elementor-item\" tabindex=\"-1\">IP<\/a><\/li>\n<\/ul>\t\t\t<\/nav>\n\t\t\t\t<\/div>\n\t\t\t\t<\/div>\n\t\t\t\t<\/div>\n\t\t\t\t\t<\/div>\n\t\t\t\t<\/div>\n\t\t<div data-particle_enable=\"false\" data-particle-mobile-disabled=\"false\" class=\"elementor-element elementor-element-498b671 animated-fast e-flex e-con-boxed elementor-invisible e-con e-parent\" data-id=\"498b671\" data-element_type=\"container\" data-settings=\"{&quot;animation&quot;:&quot;fadeInUp&quot;,&quot;animation_delay&quot;:600}\">\n\t\t\t\t\t<div class=\"e-con-inner\">\n\t\t<div data-particle_enable=\"false\" data-particle-mobile-disabled=\"false\" class=\"elementor-element elementor-element-cf71665 e-con-full e-flex e-con e-child\" data-id=\"cf71665\" data-element_type=\"container\" data-settings=\"{&quot;background_background&quot;:&quot;classic&quot;}\">\n\t\t\t\t<div class=\"elementor-element elementor-element-66aed6e elementor-widget elementor-widget-text-editor\" data-id=\"66aed6e\" data-element_type=\"widget\" data-widget_type=\"text-editor.default\">\n\t\t\t\t<div class=\"elementor-widget-container\">\n\t\t\t\t\t\t\t<h4>Development of Composition for Promoting Elastin and Collagen Biosynthesis<\/h4>\n<ul>\n<li>Patented elastin-inducing composition<\/li>\n<li>Composition for promoting elastin and collagen biosynthesis in connective tissues<br \/>(Patented in KR, RU, JP, CN; applications pending in US, EU)<\/li>\n<\/ul>\t\t\t\t\t\t<\/div>\n\t\t\t\t<\/div>\n\t\t\t\t<\/div>\n\t\t\t\t<div class=\"elementor-element elementor-element-b603786 elementor-widget elementor-widget-spacer\" data-id=\"b603786\" data-element_type=\"widget\" data-widget_type=\"spacer.default\">\n\t\t\t\t<div class=\"elementor-widget-container\">\n\t\t\t\t\t<div class=\"elementor-spacer\">\n\t\t\t<div class=\"elementor-spacer-inner\"><\/div>\n\t\t<\/div>\n\t\t\t\t<\/div>\n\t\t\t\t<\/div>\n\t\t\t\t\t<\/div>\n\t\t\t\t<\/div>\n\t\t<div data-particle_enable=\"false\" data-particle-mobile-disabled=\"false\" class=\"elementor-element elementor-element-5b587d2 e-flex e-con-boxed e-con e-parent\" data-id=\"5b587d2\" data-element_type=\"container\">\n\t\t\t\t\t<div class=\"e-con-inner\">\n\t\t<div data-particle_enable=\"false\" data-particle-mobile-disabled=\"false\" class=\"elementor-element elementor-element-73db1bf e-con-full animated-fast e-flex elementor-invisible e-con e-child\" data-id=\"73db1bf\" data-element_type=\"container\" data-settings=\"{&quot;animation&quot;:&quot;fadeInUp&quot;,&quot;animation_delay&quot;:800}\">\n\t\t\t\t<div class=\"elementor-element elementor-element-2dd3764 elementor-widget elementor-widget-heading\" data-id=\"2dd3764\" data-element_type=\"widget\" data-widget_type=\"heading.default\">\n\t\t\t\t<div class=\"elementor-widget-container\">\n\t\t\t<h2 class=\"elementor-heading-title elementor-size-default\">Elastin?<\/h2>\t\t<\/div>\n\t\t\t\t<\/div>\n\t\t\t\t<div class=\"elementor-element elementor-element-4073b6c elementor-widget elementor-widget-text-editor\" data-id=\"4073b6c\" data-element_type=\"widget\" data-widget_type=\"text-editor.default\">\n\t\t\t\t<div class=\"elementor-widget-container\">\n\t\t\t\t\t\t\t<p><b>Core Component of Elastic Fibers<\/b>: Elastin is a key structural protein that forms the core of elastic fibers, providing flexibility and resilience to tissues.<\/p>\n<p><b>Second Most Abundant Protein<\/b>: It is the second most abundant protein in the human body, following collagen, and plays a crucial role in the elasticity of various organs, including the skin, lungs, and arteries.<\/p>\n<p><span style=\"color: #ff6600;\"><b>Limited Biosynthesis<\/b>: Elastin biosynthesis significantly decreases after growth and development, meaning that once tissues mature, the body produces very little or no new elastin, which is why elasticity declines with age.<\/span><\/p>\t\t\t\t\t\t<\/div>\n\t\t\t\t<\/div>\n\t\t\t\t<\/div>\n\t\t<div data-particle_enable=\"false\" data-particle-mobile-disabled=\"false\" class=\"elementor-element elementor-element-08d4fef e-con-full animated-fast e-flex elementor-invisible e-con e-child\" data-id=\"08d4fef\" data-element_type=\"container\" data-settings=\"{&quot;animation&quot;:&quot;fadeInUp&quot;,&quot;animation_delay&quot;:1200}\">\n\t\t\t\t<div class=\"elementor-element elementor-element-e28ec8c elementor-widget elementor-widget-image\" data-id=\"e28ec8c\" data-element_type=\"widget\" data-widget_type=\"image.default\">\n\t\t\t\t<div class=\"elementor-widget-container\">\n\t\t\t\t\t\t\t\t\t\t\t\t\t<img fetchpriority=\"high\" decoding=\"async\" width=\"573\" height=\"650\" src=\"https:\/\/c0021.bizhomepass.kr\/en\/wp-content\/uploads\/sites\/2\/2024\/10\/p002001_img001_001.jpg\" class=\"attachment-full size-full wp-image-1956\" alt=\"\" srcset=\"https:\/\/c0021.bizhomepass.kr\/en\/wp-content\/uploads\/sites\/2\/2024\/10\/p002001_img001_001.jpg 573w, https:\/\/c0021.bizhomepass.kr\/en\/wp-content\/uploads\/sites\/2\/2024\/10\/p002001_img001_001-264x300.jpg 264w\" sizes=\"(max-width: 573px) 100vw, 573px\" \/>\t\t\t\t\t\t\t\t\t\t\t\t\t<\/div>\n\t\t\t\t<\/div>\n\t\t\t\t<div class=\"elementor-element elementor-element-729e60b elementor-widget elementor-widget-text-editor\" data-id=\"729e60b\" data-element_type=\"widget\" data-widget_type=\"text-editor.default\">\n\t\t\t\t<div class=\"elementor-widget-container\">\n\t\t\t\t\t\t\t<p>Journal of Voice, Vol. 26, No. 3, 2012<\/p>\t\t\t\t\t\t<\/div>\n\t\t\t\t<\/div>\n\t\t\t\t<\/div>\n\t\t\t\t\t<\/div>\n\t\t\t\t<\/div>\n\t\t<div data-particle_enable=\"false\" data-particle-mobile-disabled=\"false\" class=\"elementor-element elementor-element-1d4dbb5 e-flex e-con-boxed e-con e-parent\" data-id=\"1d4dbb5\" data-element_type=\"container\">\n\t\t\t\t\t<div class=\"e-con-inner\">\n\t\t\t\t<div class=\"elementor-element elementor-element-92afd76 elementor-widget elementor-widget-spacer\" data-id=\"92afd76\" data-element_type=\"widget\" data-widget_type=\"spacer.default\">\n\t\t\t\t<div class=\"elementor-widget-container\">\n\t\t\t\t\t<div class=\"elementor-spacer\">\n\t\t\t<div class=\"elementor-spacer-inner\"><\/div>\n\t\t<\/div>\n\t\t\t\t<\/div>\n\t\t\t\t<\/div>\n\t\t\t\t<div class=\"elementor-element elementor-element-988d497 elementor-cta--skin-cover animated-fast elementor-bg-transform elementor-bg-transform-zoom-in elementor-invisible elementor-widget elementor-widget-call-to-action\" data-id=\"988d497\" data-element_type=\"widget\" data-settings=\"{&quot;_animation&quot;:&quot;fadeInUp&quot;,&quot;_animation_delay&quot;:600}\" data-widget_type=\"call-to-action.default\">\n\t\t\t\t<div class=\"elementor-widget-container\">\n\t\t\t\t\t<div class=\"elementor-cta\">\n\t\t\t\t\t<div class=\"elementor-cta__bg-wrapper\">\n\t\t\t\t<div class=\"elementor-cta__bg elementor-bg\" style=\"background-image: url(https:\/\/c0021.bizhomepass.kr\/en\/wp-content\/uploads\/sites\/2\/2024\/10\/p002001_img002_002.jpg);\" role=\"img\" aria-label=\"p002001_img002_002\"><\/div>\n\t\t\t\t<div class=\"elementor-cta__bg-overlay\"><\/div>\n\t\t\t<\/div>\n\t\t\t\t\t\t\t<div class=\"elementor-cta__content\">\n\t\t\t\t\n\t\t\t\t\n\t\t\t\t\t\t\t\t\t<div class=\"elementor-cta__description elementor-cta__content-item elementor-content-item\">\n\t\t\t\t\t\t*Jazli Aziz, Hafiz Shezali, Zamri Radzi, Noor Azlin Yahya, Noor Hayaty Abu Kassim, Jan Czernuszka, Mohammad Tariqur Rahman(2016), Molecular Mechanisms of<br\/>\nStress-Responsive Changes in Collagen and Elastin Networks in Skin. Skin Pharmacol Physiol 2016;29:190\u2013203<br\/>\n**Mar\u00eda Luisa Del Prado-Audelo, N\u00e9stor Mendoza-Mu\u00f1oz, Lidia Escutia-Guadarrama4, David M. Giraldo-Gomez, Maykel Gonz\u00e1lez-Torres, Benjam\u00edn Flor\u00e1n, Hern\u00e1n Cortes, Gerardo Leyva-G\u00f3mez(2020), ***Recent Advances in Elastin-Based Biomaterials. J Pharm Pharm Sci 23, 314 - 332, 2020 <br\/>\nW.F. Daamena , J.H. Veerkampa , J.C.M. van Hestb , T.H. van Kuppevelta (2007). Elastin as a biomaterial for tissue engineering. Biomaterials 28 (2007) 4378\u20134398\n\t\t\t\t\t<\/div>\n\t\t\t\t\n\t\t\t\t\t\t\t<\/div>\n\t\t\t\t\t\t<\/div>\n\t\t\t\t<\/div>\n\t\t\t\t<\/div>\n\t\t\t\t\t<\/div>\n\t\t\t\t<\/div>\n\t\t\t\t<\/div>\n\t\t","protected":false},"excerpt":{"rendered":"<p>No.1 Elastin Care ELASTIC LAB TECHNOLOGY Development of Composition for Promoting Elastin and Collagen Biosynthesis Patented elastin-inducing composition Composition for promoting elastin and collagen biosynthesis in connective tissues(Patented in KR, RU, JP, CN; applications pending in US, EU) Elastin? Core Component of Elastic Fibers: Elastin is a key structural protein that forms the core of [&hellip;]<\/p>\n","protected":false},"author":1,"featured_media":0,"parent":0,"menu_order":0,"comment_status":"closed","ping_status":"closed","template":"","meta":{"footnotes":""},"class_list":["post-463","page","type-page","status-publish","hentry"],"_links":{"self":[{"href":"https:\/\/c0021.bizhomepass.kr\/en\/wp-json\/wp\/v2\/pages\/463","targetHints":{"allow":["GET"]}}],"collection":[{"href":"https:\/\/c0021.bizhomepass.kr\/en\/wp-json\/wp\/v2\/pages"}],"about":[{"href":"https:\/\/c0021.bizhomepass.kr\/en\/wp-json\/wp\/v2\/types\/page"}],"author":[{"embeddable":true,"href":"https:\/\/c0021.bizhomepass.kr\/en\/wp-json\/wp\/v2\/users\/1"}],"replies":[{"embeddable":true,"href":"https:\/\/c0021.bizhomepass.kr\/en\/wp-json\/wp\/v2\/comments?post=463"}],"version-history":[{"count":79,"href":"https:\/\/c0021.bizhomepass.kr\/en\/wp-json\/wp\/v2\/pages\/463\/revisions"}],"predecessor-version":[{"id":1959,"href":"https:\/\/c0021.bizhomepass.kr\/en\/wp-json\/wp\/v2\/pages\/463\/revisions\/1959"}],"wp:attachment":[{"href":"https:\/\/c0021.bizhomepass.kr\/en\/wp-json\/wp\/v2\/media?parent=463"}],"curies":[{"name":"wp","href":"https:\/\/api.w.org\/{rel}","templated":true}]}}